{"id":398,"date":"2025-09-08T13:50:49","date_gmt":"2025-09-08T11:50:49","guid":{"rendered":"https:\/\/anthropologue.org\/?page_id=398"},"modified":"2026-03-20T12:04:29","modified_gmt":"2026-03-20T11:04:29","slug":"anthropology-consciousness-research-philosophy","status":"publish","type":"page","link":"https:\/\/anthropologue.org\/index.php\/anthropology-consciousness-research-philosophy\/","title":{"rendered":"Recherche"},"content":{"rendered":"<p>[et_pb_section fb_built=\u00a0\u00bb1&Prime; _builder_version=\u00a0\u00bb4.27.4&Prime; _module_preset=\u00a0\u00bbdefault\u00a0\u00bb background_image=\u00a0\u00bbhttps:\/\/anthropologue.org\/wp-content\/uploads\/2025\/09\/xzt3.jpg\u00a0\u00bb background_size=\u00a0\u00bbinitial\u00a0\u00bb custom_padding=\u00a0\u00bb177px||177px||true|false\u00a0\u00bb global_colors_info=\u00a0\u00bb{}\u00a0\u00bb][et_pb_row _builder_version=\u00a0\u00bb4.27.4&Prime; _module_preset=\u00a0\u00bbdefault\u00a0\u00bb global_colors_info=\u00a0\u00bb{}\u00a0\u00bb][et_pb_column type=\u00a0\u00bb4_4&Prime; _builder_version=\u00a0\u00bb4.27.4&Prime; _module_preset=\u00a0\u00bbdefault\u00a0\u00bb global_colors_info=\u00a0\u00bb{}\u00a0\u00bb][et_pb_text _builder_version=\u00a0\u00bb4.27.4&Prime; _module_preset=\u00a0\u00bbdefault\u00a0\u00bb header_font=\u00a0\u00bbMajor Mono Display||||||||\u00a0\u00bb background_color=\u00a0\u00bb#FFFFFF\u00a0\u00bb custom_padding=\u00a0\u00bb10px||||false|false\u00a0\u00bb global_colors_info=\u00a0\u00bb{}\u00a0\u00bb]<\/p>\n<h1>Recherche en Anthropologie<\/h1>\n<h1>Culturelle et Sociale<\/h1>\n<p>[\/et_pb_text][\/et_pb_column][\/et_pb_row][\/et_pb_section][et_pb_section fb_built=\u00a0\u00bb1&Prime; _builder_version=\u00a0\u00bb4.27.4&Prime; _module_preset=\u00a0\u00bbdefault\u00a0\u00bb global_colors_info=\u00a0\u00bb{}\u00a0\u00bb][et_pb_row _builder_version=\u00a0\u00bb4.27.4&Prime; _module_preset=\u00a0\u00bbdefault\u00a0\u00bb global_colors_info=\u00a0\u00bb{}\u00a0\u00bb][et_pb_column type=\u00a0\u00bb4_4&Prime; _builder_version=\u00a0\u00bb4.27.4&Prime; _module_preset=\u00a0\u00bbdefault\u00a0\u00bb global_colors_info=\u00a0\u00bb{}\u00a0\u00bb][et_pb_text _builder_version=\u00a0\u00bb4.27.4&Prime; _module_preset=\u00a0\u00bbdefault\u00a0\u00bb header_font=\u00a0\u00bbMajor Mono Display||||||||\u00a0\u00bb global_colors_info=\u00a0\u00bb{}\u00a0\u00bb]<\/p>\n<h1>Articles de recherche publi\u00e9s<\/h1>\n<p><span style=\"color: #ffffff;\"> anthropology consciousness research philosophy<\/span><\/p>\n<p>[\/et_pb_text][\/et_pb_column][\/et_pb_row][et_pb_row column_structure=\u00a0\u00bb1_3,1_3,1_3&Prime; use_custom_gutter=\u00a0\u00bbon\u00a0\u00bb gutter_width=\u00a0\u00bb1&Prime; make_equal=\u00a0\u00bbon\u00a0\u00bb _builder_version=\u00a0\u00bb4.27.4&Prime; _module_preset=\u00a0\u00bbdefault\u00a0\u00bb width=\u00a0\u00bb100%\u00a0\u00bb max_width=\u00a0\u00bb100%\u00a0\u00bb custom_margin=\u00a0\u00bb0px||0px||true|false\u00a0\u00bb custom_padding=\u00a0\u00bb0px||0px||true|false\u00a0\u00bb global_colors_info=\u00a0\u00bb{}\u00a0\u00bb][et_pb_column type=\u00a0\u00bb1_3&Prime; _builder_version=\u00a0\u00bb4.27.4&Prime; _module_preset=\u00a0\u00bbdefault\u00a0\u00bb background_image=\u00a0\u00bbhttps:\/\/anthropologue.org\/wp-content\/uploads\/2025\/09\/IMG_4868-scaled.jpg\u00a0\u00bb custom_padding=\u00a0\u00bb50px||50px||true|false\u00a0\u00bb global_colors_info=\u00a0\u00bb{}\u00a0\u00bb][et_pb_text _builder_version=\u00a0\u00bb4.27.4&Prime; _module_preset=\u00a0\u00bbdefault\u00a0\u00bb text_font=\u00a0\u00bbMajor Mono Display||||||||\u00a0\u00bb text_text_color=\u00a0\u00bb#000000&Prime; background_color=\u00a0\u00bbrgba(255,255,255,0.69)\u00a0\u00bb custom_margin=\u00a0\u00bb50px||50px||true|false\u00a0\u00bb custom_padding=\u00a0\u00bb|10px||10px|false|true\u00a0\u00bb link_option_url=\u00a0\u00bbhttps:\/\/journals.openedition.org\/rechercheseducations\/18070&Prime; link_option_url_new_window=\u00a0\u00bbon\u00a0\u00bb global_colors_info=\u00a0\u00bb{}\u00a0\u00bb]<\/p>\n<p>Ticha Siwei \u4f53\u5bdf\u601d\u7ef4, \u00ab La pens\u00e9e du ressenti observant \u00bb dans l&rsquo;enseignement de la pratique du Zhineng Qigong<\/p>\n<p style=\"text-align: center;\">2025<\/p>\n<p>[\/et_pb_text][\/et_pb_column][et_pb_column type=\u00a0\u00bb1_3&Prime; _builder_version=\u00a0\u00bb4.27.4&Prime; _module_preset=\u00a0\u00bbdefault\u00a0\u00bb background_image=\u00a0\u00bbhttps:\/\/anthropologue.org\/wp-content\/uploads\/2025\/09\/soutenance_Schroetter_Trame-Zhineng-Qigong-768&#215;576-1.jpg\u00a0\u00bb custom_padding=\u00a0\u00bb50px||50px||true|false\u00a0\u00bb global_colors_info=\u00a0\u00bb{}\u00a0\u00bb][et_pb_text _builder_version=\u00a0\u00bb4.27.4&Prime; _module_preset=\u00a0\u00bbdefault\u00a0\u00bb text_font=\u00a0\u00bbMajor Mono Display||||||||\u00a0\u00bb text_text_color=\u00a0\u00bb#000000&Prime; background_color=\u00a0\u00bbrgba(255,255,255,0.69)\u00a0\u00bb custom_margin=\u00a0\u00bb50px||50px||true|false\u00a0\u00bb custom_padding=\u00a0\u00bb|10px||10px|false|true\u00a0\u00bb link_option_url=\u00a0\u00bbhttps:\/\/journals.openedition.org\/pa\/2597&Prime; link_option_url_new_window=\u00a0\u00bbon\u00a0\u00bb global_colors_info=\u00a0\u00bb{}\u00a0\u00bb]<\/p>\n<p>Sentir le corps de l\u2019int\u00e9rieur : ethnographie d\u2019une pratique de Zhineng Qigong avec projection d\u2019image<\/p>\n<p style=\"text-align: center;\">2024<\/p>\n<p>[\/et_pb_text][\/et_pb_column][et_pb_column type=\u00a0\u00bb1_3&Prime; _builder_version=\u00a0\u00bb4.27.4&Prime; _module_preset=\u00a0\u00bbdefault\u00a0\u00bb background_image=\u00a0\u00bbhttps:\/\/anthropologue.org\/wp-content\/uploads\/2025\/09\/Marc_clarisses-scaled.jpg\u00a0\u00bb custom_padding=\u00a0\u00bb50px||50px||true|false\u00a0\u00bb global_colors_info=\u00a0\u00bb{}\u00a0\u00bb][et_pb_text _builder_version=\u00a0\u00bb4.27.4&Prime; _module_preset=\u00a0\u00bbdefault\u00a0\u00bb text_font=\u00a0\u00bbMajor Mono Display||||||||\u00a0\u00bb text_text_color=\u00a0\u00bb#000000&Prime; background_color=\u00a0\u00bbrgba(255,255,255,0.69)\u00a0\u00bb custom_margin=\u00a0\u00bb50px||50px||true|false\u00a0\u00bb custom_padding=\u00a0\u00bb|10px||10px|false|true\u00a0\u00bb link_option_url=\u00a0\u00bbhttps:\/\/www.academia.edu\/130002523\/Feeling_the_Body_from_Within_An_Ethnography_of_a_Zhineng_Qigong_Practice_with_Image_Projection\u00a0\u00bb link_option_url_new_window=\u00a0\u00bbon\u00a0\u00bb global_colors_info=\u00a0\u00bb{}\u00a0\u00bb]<\/p>\n<p>Feeling the Body from Within: An Ethnography of a Zhineng Qigong Practice with Image Projection<\/p>\n<p style=\"text-align: center;\">2024<\/p>\n<p>[\/et_pb_text][\/et_pb_column][\/et_pb_row][et_pb_row column_structure=\u00a0\u00bb1_2,1_2&Prime; use_custom_gutter=\u00a0\u00bbon\u00a0\u00bb gutter_width=\u00a0\u00bb1&Prime; make_equal=\u00a0\u00bbon\u00a0\u00bb _builder_version=\u00a0\u00bb4.27.4&Prime; _module_preset=\u00a0\u00bbdefault\u00a0\u00bb width=\u00a0\u00bb100%\u00a0\u00bb max_width=\u00a0\u00bb100%\u00a0\u00bb custom_margin=\u00a0\u00bb0px||0px||true|false\u00a0\u00bb custom_padding=\u00a0\u00bb0px||0px||true|false\u00a0\u00bb global_colors_info=\u00a0\u00bb{}\u00a0\u00bb][et_pb_column type=\u00a0\u00bb1_2&Prime; _builder_version=\u00a0\u00bb4.27.4&Prime; _module_preset=\u00a0\u00bbdefault\u00a0\u00bb background_image=\u00a0\u00bbhttps:\/\/anthropologue.org\/wp-content\/uploads\/2025\/09\/Red-Colorful-Tips-Youtube-Thumbnail2.png\u00a0\u00bb custom_padding=\u00a0\u00bb50px||50px||true|false\u00a0\u00bb global_colors_info=\u00a0\u00bb{}\u00a0\u00bb][et_pb_text _builder_version=\u00a0\u00bb4.27.4&Prime; _module_preset=\u00a0\u00bbdefault\u00a0\u00bb text_font=\u00a0\u00bbMajor Mono Display||||||||\u00a0\u00bb text_text_color=\u00a0\u00bb#000000&Prime; background_color=\u00a0\u00bbrgba(255,255,255,0.69)\u00a0\u00bb custom_margin=\u00a0\u00bb50px||50px||true|false\u00a0\u00bb custom_padding=\u00a0\u00bb|10px||10px|false|true\u00a0\u00bb link_option_url=\u00a0\u00bbhttps:\/\/www.academia.edu\/123733772\/Key_notes_communication_Sentir_de_lint%C3%A9rieur_comment_relater_et_analyser_les_pratiques_de_conscience_du_Zhineng_Qigong\u00a0\u00bb link_option_url_new_window=\u00a0\u00bbon\u00a0\u00bb global_colors_info=\u00a0\u00bb{}\u00a0\u00bb]<\/p>\n<p>Key notes communication: Sentir de l&rsquo;int\u00e9rieur, comment relater et analyser les pratiques de conscience du Zhineng Qigong<\/p>\n<p style=\"text-align: center;\">2024<\/p>\n<p>[\/et_pb_text][\/et_pb_column][et_pb_column type=\u00a0\u00bb1_2&Prime; _builder_version=\u00a0\u00bb4.27.4&Prime; _module_preset=\u00a0\u00bbdefault\u00a0\u00bb background_image=\u00a0\u00bbhttps:\/\/anthropologue.org\/wp-content\/uploads\/2025\/09\/pratique1.jpg\u00a0\u00bb custom_padding=\u00a0\u00bb50px||50px||true|false\u00a0\u00bb global_colors_info=\u00a0\u00bb{}\u00a0\u00bb][et_pb_text _builder_version=\u00a0\u00bb4.27.4&Prime; _module_preset=\u00a0\u00bbdefault\u00a0\u00bb text_font=\u00a0\u00bbMajor Mono Display||||||||\u00a0\u00bb text_text_color=\u00a0\u00bb#000000&Prime; background_color=\u00a0\u00bbrgba(255,255,255,0.69)\u00a0\u00bb custom_margin=\u00a0\u00bb50px||50px||true|false\u00a0\u00bb custom_padding=\u00a0\u00bb|10px||10px|false|true\u00a0\u00bb link_option_url=\u00a0\u00bbhttps:\/\/theses.hal.science\/tel-04301726v1&Prime; link_option_url_new_window=\u00a0\u00bbon\u00a0\u00bb global_colors_info=\u00a0\u00bb{}\u00a0\u00bb]<\/p>\n<p>La trame et le Zhineng Qigong : Conscientisation des pratiques de conscience &#8211; Conscientisation des exp\u00e9riences v\u00e9cues des pratiquants et praticiens du Zhineng Qigong et de la Trame<\/p>\n<p style=\"text-align: center;\">Th\u00e8se de doctorat<\/p>\n<p style=\"text-align: center;\">2023<\/p>\n<p>[\/et_pb_text][\/et_pb_column][\/et_pb_row][et_pb_row _builder_version=\u00a0\u00bb4.27.4&Prime; _module_preset=\u00a0\u00bbdefault\u00a0\u00bb global_colors_info=\u00a0\u00bb{}\u00a0\u00bb][et_pb_column type=\u00a0\u00bb4_4&Prime; _builder_version=\u00a0\u00bb4.27.4&Prime; _module_preset=\u00a0\u00bbdefault\u00a0\u00bb global_colors_info=\u00a0\u00bb{}\u00a0\u00bb][et_pb_text _builder_version=\u00a0\u00bb4.27.4&Prime; _module_preset=\u00a0\u00bbdefault\u00a0\u00bb text_font=\u00a0\u00bbAdamina||||||||\u00a0\u00bb text_font_size=\u00a0\u00bb18px\u00a0\u00bb text_line_height=\u00a0\u00bb1.8em\u00a0\u00bb hover_enabled=\u00a0\u00bb0&Prime; global_colors_info=\u00a0\u00bb{}\u00a0\u00bb sticky_enabled=\u00a0\u00bb0&Prime;]<\/p>\n<p>Cette page web regroupe tous <strong>les articles scientifiques<\/strong> de Misha Schroetter, leurs <strong>traductions<\/strong> dans d&rsquo;autres langues, comme l&rsquo;anglais, et les articles publi\u00e9s dans des revues ou publi\u00e9 librement en mon nom.<\/p>\n<p>En cliquant sur les titres, vous ouvrirez automatiquement un nouvel onglet qui vous conduira sur les diff\u00e9rents sites o\u00f9 sont publi\u00e9s les articles.<\/p>\n<p>Le but de la recherche en anthropologie est de <strong>partager des connaissances<\/strong>, afin <strong>d&rsquo;en faire une connaissance pour tout un chacun<\/strong>. Lisez, t\u00e9l\u00e9chargez, si vous le pouvez, et \u00e9changez avec les auteurs scientifiques. Cela permettra de faire \u00e9voluer la science et de continuer le partage des connaissances.<\/p>\n<p>[\/et_pb_text][\/et_pb_column][\/et_pb_row][\/et_pb_section][et_pb_section fb_built=\u00a0\u00bb1&Prime; _builder_version=\u00a0\u00bb4.27.4&Prime; _module_preset=\u00a0\u00bbdefault\u00a0\u00bb global_colors_info=\u00a0\u00bb{}\u00a0\u00bb][et_pb_row _builder_version=\u00a0\u00bb4.27.4&Prime; _module_preset=\u00a0\u00bbdefault\u00a0\u00bb global_colors_info=\u00a0\u00bb{}\u00a0\u00bb][et_pb_column type=\u00a0\u00bb4_4&Prime; _builder_version=\u00a0\u00bb4.27.4&Prime; _module_preset=\u00a0\u00bbdefault\u00a0\u00bb global_colors_info=\u00a0\u00bb{}\u00a0\u00bb][et_pb_text _builder_version=\u00a0\u00bb4.27.4&Prime; _module_preset=\u00a0\u00bbdefault\u00a0\u00bb header_font=\u00a0\u00bbMajor Mono Display||||||||\u00a0\u00bb global_colors_info=\u00a0\u00bb{}\u00a0\u00bb]<\/p>\n<h1>Blog de recherche<\/h1>\n<p>[\/et_pb_text][\/et_pb_column][\/et_pb_row][et_pb_row _builder_version=\u00a0\u00bb4.27.4&Prime; _module_preset=\u00a0\u00bbdefault\u00a0\u00bb global_colors_info=\u00a0\u00bb{}\u00a0\u00bb][et_pb_column type=\u00a0\u00bb4_4&Prime; _builder_version=\u00a0\u00bb4.27.4&Prime; _module_preset=\u00a0\u00bbdefault\u00a0\u00bb global_colors_info=\u00a0\u00bb{}\u00a0\u00bb][et_pb_post_slider include_categories=\u00a0\u00bb6&Prime; _builder_version=\u00a0\u00bb4.27.4&Prime; _module_preset=\u00a0\u00bbdefault\u00a0\u00bb global_colors_info=\u00a0\u00bb{}\u00a0\u00bb][\/et_pb_post_slider][\/et_pb_column][\/et_pb_row][\/et_pb_section]<\/p>\n","protected":false},"excerpt":{"rendered":"<p>Recherche en Anthropologie Culturelle et SocialeArticles de recherche publi\u00e9s anthropology consciousness research philosophyTicha Siwei \u4f53\u5bdf\u601d\u7ef4, \u00ab La pens\u00e9e du ressenti observant \u00bb dans l&rsquo;enseignement de la pratique du Zhineng Qigong 2025Sentir le corps de l\u2019int\u00e9rieur : ethnographie d\u2019une pratique de Zhineng Qigong avec projection d\u2019image 2024Feeling the Body from Within: An Ethnography of a Zhineng [&hellip;]<\/p>\n","protected":false},"author":1,"featured_media":408,"parent":0,"menu_order":0,"comment_status":"closed","ping_status":"closed","template":"","meta":{"_et_pb_use_builder":"on","_et_pb_old_content":"","_et_gb_content_width":"","footnotes":""},"class_list":["post-398","page","type-page","status-publish","has-post-thumbnail","hentry"],"yoast_head":"<!-- This site is optimized with the Yoast SEO plugin v25.8 - https:\/\/yoast.com\/wordpress\/plugins\/seo\/ -->\n<title>anthropology consciousness research philosophy<\/title>\n<meta name=\"description\" content=\"anthropology consciousness research philosophy is a web page of the research of Doctor Misha Schroetter PhD in anthropology.\" \/>\n<meta name=\"robots\" content=\"index, follow, max-snippet:-1, max-image-preview:large, max-video-preview:-1\" \/>\n<link rel=\"canonical\" href=\"https:\/\/anthropologue.org\/index.php\/anthropology-consciousness-research-philosophy\/\" \/>\n<meta property=\"og:locale\" content=\"fr_FR\" \/>\n<meta property=\"og:type\" content=\"article\" \/>\n<meta property=\"og:title\" content=\"anthropology consciousness research philosophy\" \/>\n<meta property=\"og:description\" content=\"anthropology consciousness research philosophy is a web page of the research of Doctor Misha Schroetter PhD in anthropology.\" \/>\n<meta property=\"og:url\" content=\"https:\/\/anthropologue.org\/index.php\/anthropology-consciousness-research-philosophy\/\" \/>\n<meta property=\"og:site_name\" content=\"Anthropologue.org\" \/>\n<meta property=\"article:publisher\" content=\"https:\/\/www.facebook.com\/ehoMasterChrist\" \/>\n<meta property=\"article:modified_time\" content=\"2026-03-20T11:04:29+00:00\" \/>\n<meta property=\"og:image\" content=\"https:\/\/anthropologue.org\/wp-content\/uploads\/2025\/09\/Red-Colorful-Tips-Youtube-Thumbnail2.png\" \/>\n\t<meta property=\"og:image:width\" content=\"1280\" \/>\n\t<meta property=\"og:image:height\" content=\"720\" \/>\n\t<meta property=\"og:image:type\" content=\"image\/png\" \/>\n<meta name=\"twitter:card\" content=\"summary_large_image\" \/>\n<meta name=\"twitter:label1\" content=\"Dur\u00e9e de lecture estim\u00e9e\" \/>\n\t<meta name=\"twitter:data1\" content=\"1 minute\" \/>\n<script type=\"application\/ld+json\" class=\"yoast-schema-graph\">{\"@context\":\"https:\/\/schema.org\",\"@graph\":[{\"@type\":\"WebPage\",\"@id\":\"https:\/\/anthropologue.org\/index.php\/anthropology-consciousness-research-philosophy\/\",\"url\":\"https:\/\/anthropologue.org\/index.php\/anthropology-consciousness-research-philosophy\/\",\"name\":\"anthropology consciousness research philosophy\",\"isPartOf\":{\"@id\":\"https:\/\/anthropologue.org\/#website\"},\"primaryImageOfPage\":{\"@id\":\"https:\/\/anthropologue.org\/index.php\/anthropology-consciousness-research-philosophy\/#primaryimage\"},\"image\":{\"@id\":\"https:\/\/anthropologue.org\/index.php\/anthropology-consciousness-research-philosophy\/#primaryimage\"},\"thumbnailUrl\":\"https:\/\/anthropologue.org\/wp-content\/uploads\/2025\/09\/Red-Colorful-Tips-Youtube-Thumbnail2.png\",\"datePublished\":\"2025-09-08T11:50:49+00:00\",\"dateModified\":\"2026-03-20T11:04:29+00:00\",\"description\":\"anthropology consciousness research philosophy is a web page of the research of Doctor Misha Schroetter PhD in anthropology.\",\"breadcrumb\":{\"@id\":\"https:\/\/anthropologue.org\/index.php\/anthropology-consciousness-research-philosophy\/#breadcrumb\"},\"inLanguage\":\"fr-FR\",\"potentialAction\":[{\"@type\":\"ReadAction\",\"target\":[\"https:\/\/anthropologue.org\/index.php\/anthropology-consciousness-research-philosophy\/\"]}]},{\"@type\":\"ImageObject\",\"inLanguage\":\"fr-FR\",\"@id\":\"https:\/\/anthropologue.org\/index.php\/anthropology-consciousness-research-philosophy\/#primaryimage\",\"url\":\"https:\/\/anthropologue.org\/wp-content\/uploads\/2025\/09\/Red-Colorful-Tips-Youtube-Thumbnail2.png\",\"contentUrl\":\"https:\/\/anthropologue.org\/wp-content\/uploads\/2025\/09\/Red-Colorful-Tips-Youtube-Thumbnail2.png\",\"width\":1280,\"height\":720,\"caption\":\"anthropology consciousness research philosophy\"},{\"@type\":\"BreadcrumbList\",\"@id\":\"https:\/\/anthropologue.org\/index.php\/anthropology-consciousness-research-philosophy\/#breadcrumb\",\"itemListElement\":[{\"@type\":\"ListItem\",\"position\":1,\"name\":\"Home\",\"item\":\"https:\/\/anthropologue.org\/\"},{\"@type\":\"ListItem\",\"position\":2,\"name\":\"Recherche\"}]},{\"@type\":\"WebSite\",\"@id\":\"https:\/\/anthropologue.org\/#website\",\"url\":\"https:\/\/anthropologue.org\/\",\"name\":\"Anthropologue.org\",\"description\":\"Le site public d&#039;un anthropologue\",\"publisher\":{\"@id\":\"https:\/\/anthropologue.org\/#\/schema\/person\/4ce8a0fb6d15fd6606e02e0941ee6df2\"},\"potentialAction\":[{\"@type\":\"SearchAction\",\"target\":{\"@type\":\"EntryPoint\",\"urlTemplate\":\"https:\/\/anthropologue.org\/?s={search_term_string}\"},\"query-input\":{\"@type\":\"PropertyValueSpecification\",\"valueRequired\":true,\"valueName\":\"search_term_string\"}}],\"inLanguage\":\"fr-FR\"},{\"@type\":[\"Person\",\"Organization\"],\"@id\":\"https:\/\/anthropologue.org\/#\/schema\/person\/4ce8a0fb6d15fd6606e02e0941ee6df2\",\"name\":\"Misha\",\"image\":{\"@type\":\"ImageObject\",\"inLanguage\":\"fr-FR\",\"@id\":\"https:\/\/anthropologue.org\/#\/schema\/person\/image\/\",\"url\":\"https:\/\/anthropologue.org\/wp-content\/uploads\/2024\/12\/logo.png\",\"contentUrl\":\"https:\/\/anthropologue.org\/wp-content\/uploads\/2024\/12\/logo.png\",\"width\":1080,\"height\":1080,\"caption\":\"Misha\"},\"logo\":{\"@id\":\"https:\/\/anthropologue.org\/#\/schema\/person\/image\/\"},\"description\":\"Je m'appelle Misha Schroetter, je suis docteur en anthropologie. Ma recherche concerne la conscience, dans son approche ph\u00e9nom\u00e9nologique, c'est-\u00e0-dire dans l'analyse d'une conscience qui comprend l'exp\u00e9rience sensible v\u00e9cue, ainsi que la pr\u00e9sence dans l'exp\u00e9rience du vivant.\",\"sameAs\":[\"https:\/\/anthropologue.org\",\"https:\/\/www.facebook.com\/ehoMasterChrist\",\"https:\/\/www.instagram.com\/mishaschroetter\/\",\"https:\/\/www.linkedin.com\/in\/misha-schroetter\/\",\"https:\/\/www.youtube.com\/@Mishaschroetter\",\"https:\/\/soundcloud.com\/misha-schroetter\"]}]}<\/script>\n<!-- \/ Yoast SEO plugin. -->","yoast_head_json":{"title":"anthropology consciousness research philosophy","description":"anthropology consciousness research philosophy is a web page of the research of Doctor Misha Schroetter PhD in anthropology.","robots":{"index":"index","follow":"follow","max-snippet":"max-snippet:-1","max-image-preview":"max-image-preview:large","max-video-preview":"max-video-preview:-1"},"canonical":"https:\/\/anthropologue.org\/index.php\/anthropology-consciousness-research-philosophy\/","og_locale":"fr_FR","og_type":"article","og_title":"anthropology consciousness research philosophy","og_description":"anthropology consciousness research philosophy is a web page of the research of Doctor Misha Schroetter PhD in anthropology.","og_url":"https:\/\/anthropologue.org\/index.php\/anthropology-consciousness-research-philosophy\/","og_site_name":"Anthropologue.org","article_publisher":"https:\/\/www.facebook.com\/ehoMasterChrist","article_modified_time":"2026-03-20T11:04:29+00:00","og_image":[{"width":1280,"height":720,"url":"https:\/\/anthropologue.org\/wp-content\/uploads\/2025\/09\/Red-Colorful-Tips-Youtube-Thumbnail2.png","type":"image\/png"}],"twitter_card":"summary_large_image","twitter_misc":{"Dur\u00e9e de lecture estim\u00e9e":"1 minute"},"schema":{"@context":"https:\/\/schema.org","@graph":[{"@type":"WebPage","@id":"https:\/\/anthropologue.org\/index.php\/anthropology-consciousness-research-philosophy\/","url":"https:\/\/anthropologue.org\/index.php\/anthropology-consciousness-research-philosophy\/","name":"anthropology consciousness research philosophy","isPartOf":{"@id":"https:\/\/anthropologue.org\/#website"},"primaryImageOfPage":{"@id":"https:\/\/anthropologue.org\/index.php\/anthropology-consciousness-research-philosophy\/#primaryimage"},"image":{"@id":"https:\/\/anthropologue.org\/index.php\/anthropology-consciousness-research-philosophy\/#primaryimage"},"thumbnailUrl":"https:\/\/anthropologue.org\/wp-content\/uploads\/2025\/09\/Red-Colorful-Tips-Youtube-Thumbnail2.png","datePublished":"2025-09-08T11:50:49+00:00","dateModified":"2026-03-20T11:04:29+00:00","description":"anthropology consciousness research philosophy is a web page of the research of Doctor Misha Schroetter PhD in anthropology.","breadcrumb":{"@id":"https:\/\/anthropologue.org\/index.php\/anthropology-consciousness-research-philosophy\/#breadcrumb"},"inLanguage":"fr-FR","potentialAction":[{"@type":"ReadAction","target":["https:\/\/anthropologue.org\/index.php\/anthropology-consciousness-research-philosophy\/"]}]},{"@type":"ImageObject","inLanguage":"fr-FR","@id":"https:\/\/anthropologue.org\/index.php\/anthropology-consciousness-research-philosophy\/#primaryimage","url":"https:\/\/anthropologue.org\/wp-content\/uploads\/2025\/09\/Red-Colorful-Tips-Youtube-Thumbnail2.png","contentUrl":"https:\/\/anthropologue.org\/wp-content\/uploads\/2025\/09\/Red-Colorful-Tips-Youtube-Thumbnail2.png","width":1280,"height":720,"caption":"anthropology consciousness research philosophy"},{"@type":"BreadcrumbList","@id":"https:\/\/anthropologue.org\/index.php\/anthropology-consciousness-research-philosophy\/#breadcrumb","itemListElement":[{"@type":"ListItem","position":1,"name":"Home","item":"https:\/\/anthropologue.org\/"},{"@type":"ListItem","position":2,"name":"Recherche"}]},{"@type":"WebSite","@id":"https:\/\/anthropologue.org\/#website","url":"https:\/\/anthropologue.org\/","name":"Anthropologue.org","description":"Le site public d&#039;un anthropologue","publisher":{"@id":"https:\/\/anthropologue.org\/#\/schema\/person\/4ce8a0fb6d15fd6606e02e0941ee6df2"},"potentialAction":[{"@type":"SearchAction","target":{"@type":"EntryPoint","urlTemplate":"https:\/\/anthropologue.org\/?s={search_term_string}"},"query-input":{"@type":"PropertyValueSpecification","valueRequired":true,"valueName":"search_term_string"}}],"inLanguage":"fr-FR"},{"@type":["Person","Organization"],"@id":"https:\/\/anthropologue.org\/#\/schema\/person\/4ce8a0fb6d15fd6606e02e0941ee6df2","name":"Misha","image":{"@type":"ImageObject","inLanguage":"fr-FR","@id":"https:\/\/anthropologue.org\/#\/schema\/person\/image\/","url":"https:\/\/anthropologue.org\/wp-content\/uploads\/2024\/12\/logo.png","contentUrl":"https:\/\/anthropologue.org\/wp-content\/uploads\/2024\/12\/logo.png","width":1080,"height":1080,"caption":"Misha"},"logo":{"@id":"https:\/\/anthropologue.org\/#\/schema\/person\/image\/"},"description":"Je m'appelle Misha Schroetter, je suis docteur en anthropologie. Ma recherche concerne la conscience, dans son approche ph\u00e9nom\u00e9nologique, c'est-\u00e0-dire dans l'analyse d'une conscience qui comprend l'exp\u00e9rience sensible v\u00e9cue, ainsi que la pr\u00e9sence dans l'exp\u00e9rience du vivant.","sameAs":["https:\/\/anthropologue.org","https:\/\/www.facebook.com\/ehoMasterChrist","https:\/\/www.instagram.com\/mishaschroetter\/","https:\/\/www.linkedin.com\/in\/misha-schroetter\/","https:\/\/www.youtube.com\/@Mishaschroetter","https:\/\/soundcloud.com\/misha-schroetter"]}]}},"_links":{"self":[{"href":"https:\/\/anthropologue.org\/index.php\/wp-json\/wp\/v2\/pages\/398","targetHints":{"allow":["GET"]}}],"collection":[{"href":"https:\/\/anthropologue.org\/index.php\/wp-json\/wp\/v2\/pages"}],"about":[{"href":"https:\/\/anthropologue.org\/index.php\/wp-json\/wp\/v2\/types\/page"}],"author":[{"embeddable":true,"href":"https:\/\/anthropologue.org\/index.php\/wp-json\/wp\/v2\/users\/1"}],"replies":[{"embeddable":true,"href":"https:\/\/anthropologue.org\/index.php\/wp-json\/wp\/v2\/comments?post=398"}],"version-history":[{"count":10,"href":"https:\/\/anthropologue.org\/index.php\/wp-json\/wp\/v2\/pages\/398\/revisions"}],"predecessor-version":[{"id":443,"href":"https:\/\/anthropologue.org\/index.php\/wp-json\/wp\/v2\/pages\/398\/revisions\/443"}],"wp:featuredmedia":[{"embeddable":true,"href":"https:\/\/anthropologue.org\/index.php\/wp-json\/wp\/v2\/media\/408"}],"wp:attachment":[{"href":"https:\/\/anthropologue.org\/index.php\/wp-json\/wp\/v2\/media?parent=398"}],"curies":[{"name":"wp","href":"https:\/\/api.w.org\/{rel}","templated":true}]}}